{"id":251,"date":"2024-05-19T13:50:04","date_gmt":"2024-05-19T11:50:04","guid":{"rendered":"https:\/\/velesx.com\/?page_id=251"},"modified":"2024-09-12T17:34:08","modified_gmt":"2024-09-12T15:34:08","slug":"herget-znacka","status":"publish","type":"page","link":"https:\/\/velesx.com\/en\/znacky\/herget-znacka\/","title":{"rendered":"H\u00e9rg\u00e9t"},"content":{"rendered":"<div data-elementor-type=\"wp-page\" data-elementor-id=\"251\" class=\"elementor elementor-251\">\n\t\t\t\t<div class=\"elementor-element elementor-element-7c6acad9 e-con-full e-flex e-con e-parent\" data-id=\"7c6acad9\" data-element_type=\"container\" data-settings=\"{&quot;background_background&quot;:&quot;classic&quot;,&quot;shape_divider_top&quot;:&quot;triangle-asymmetrical&quot;,&quot;shape_divider_bottom&quot;:&quot;triangle-asymmetrical&quot;,&quot;shape_divider_bottom_negative&quot;:&quot;yes&quot;}\">\n\t\t\t\t<div class=\"elementor-shape elementor-shape-top\" data-negative=\"false\">\n\t\t\t<svg xmlns=\"http:\/\/www.w3.org\/2000\/svg\" viewbox=\"0 0 1000 100\" preserveaspectratio=\"none\">\n\t<path class=\"elementor-shape-fill\" d=\"M738,99l262-93V0H0v5.6L738,99z\"\/>\n<\/svg>\t\t<\/div>\n\t\t\t\t<div class=\"elementor-shape elementor-shape-bottom\" data-negative=\"true\">\n\t\t\t<svg xmlns=\"http:\/\/www.w3.org\/2000\/svg\" viewbox=\"0 0 1000 100\" preserveaspectratio=\"none\">\n\t<path class=\"elementor-shape-fill\" d=\"M737.9,94.7L0,0v100h1000V0L737.9,94.7z\"\/>\n<\/svg>\t\t<\/div>\n\t\t<div class=\"elementor-element elementor-element-4d489588 e-grid e-con-boxed e-con e-child\" data-id=\"4d489588\" data-element_type=\"container\">\n\t\t\t\t\t<div class=\"e-con-inner\">\n\t\t\t\t<div class=\"elementor-element elementor-element-545464f1 elementor-widget elementor-widget-heading\" data-id=\"545464f1\" data-element_type=\"widget\" data-widget_type=\"heading.default\">\n\t\t\t\t<div class=\"elementor-widget-container\">\n\t\t\t<h2 class=\"elementor-heading-title elementor-size-default\">H\u00e9rg\u00e9t<\/h2>\t\t<\/div>\n\t\t\t\t<\/div>\n\t\t\t\t\t<\/div>\n\t\t\t\t<\/div>\n\t\t\t\t<\/div>\n\t\t<div class=\"elementor-element elementor-element-400a6f8 e-flex e-con-boxed e-con e-parent\" data-id=\"400a6f8\" data-element_type=\"container\">\n\t\t\t\t\t<div class=\"e-con-inner\">\n\t\t\t\t<div class=\"elementor-element elementor-element-28c8aa48 elementor-widget elementor-widget-text-editor\" data-id=\"28c8aa48\" data-element_type=\"widget\" data-widget_type=\"text-editor.default\">\n\t\t\t\t<div class=\"elementor-widget-container\">\n\t\t\t\t\t\t\t<p>H\u00e9rget products focus on producing high-quality packaging for musical instruments. Their offer includes various types of protective packaging that provide safe and reliable protection for instruments during transport and storage, ensuring their long life and protection from damage.<\/p>\t\t\t\t\t\t<\/div>\n\t\t\t\t<\/div>\n\t\t\t\t<div class=\"elementor-element elementor-element-c2cf73e elementor-align-center elementor-widget elementor-widget-button\" data-id=\"c2cf73e\" data-element_type=\"widget\" data-widget_type=\"button.default\">\n\t\t\t\t<div class=\"elementor-widget-container\">\n\t\t\t\t\t<div class=\"elementor-button-wrapper\">\n\t\t\t<a class=\"elementor-button elementor-button-link elementor-size-sm\" href=\"https:\/\/velesx.sk\/sk\/vyhladavanie?controller=search&#038;orderby=position&#038;orderway=desc&#038;search_category=all&#038;s=h%C3%A9rg%C3%A9t&#038;submit_search=\" target=\"_blank\">\n\t\t\t\t\t\t<span class=\"elementor-button-content-wrapper\">\n\t\t\t\t\t\t\t\t\t<span class=\"elementor-button-text\">Go to e-shop<\/span>\n\t\t\t\t\t<\/span>\n\t\t\t\t\t<\/a>\n\t\t<\/div>\n\t\t\t\t<\/div>\n\t\t\t\t<\/div>\n\t\t\t\t\t<\/div>\n\t\t\t\t<\/div>\n\t\t\t\t<\/div>","protected":false},"excerpt":{"rendered":"<p>H\u00e9rg\u00e9t Produkty zna\u010dky H\u00e9rget sa zameriavaj\u00fa na v\u00fdrobu kvalitn\u00fdch obalov pre hudobn\u00e9 n\u00e1stroje. Ich ponuka zah\u0155\u0148a r\u00f4zne druhy ochrann\u00fdch obalov, ktor\u00e9 poskytuj\u00fa bezpe\u010dn\u00fa a spo\u013eahliv\u00fa ochranu n\u00e1strojov po\u010das prepravy a skladovania, \u010d\u00edm zabezpe\u010duj\u00fa ich dlh\u00fa \u017eivotnos\u0165 a ochranu pred po\u0161koden\u00edm. Prejs\u0165 na e-shop<\/p>","protected":false},"author":1,"featured_media":0,"parent":43,"menu_order":0,"comment_status":"closed","ping_status":"closed","template":"","meta":{"_monsterinsights_skip_tracking":false,"_monsterinsights_sitenote_active":false,"_monsterinsights_sitenote_note":"","_monsterinsights_sitenote_category":0,"footnotes":""},"class_list":["post-251","page","type-page","status-publish","hentry","entry"],"yoast_head":"<!-- This site is optimized with the Yoast SEO plugin v23.4 - https:\/\/yoast.com\/wordpress\/plugins\/seo\/ -->\n<title>H\u00e9rg\u00e9t - V\u00fdroba, distrib\u00facia a ve\u013ekoobchod Audio\/Video produktov a pr\u00edslu\u0161enstva | Veles-x<\/title>\n<meta name=\"description\" content=\"V\u00fdroba, distrib\u00facia a ve\u013ekoobchod Audio\/Video produktov a pr\u00edslu\u0161enstva\" \/>\n<meta name=\"robots\" content=\"index, follow, max-snippet:-1, max-image-preview:large, max-video-preview:-1\" \/>\n<link rel=\"canonical\" href=\"https:\/\/velesx.com\/en\/znacky\/herget-znacka\/\" \/>\n<meta property=\"og:locale\" content=\"en_US\" \/>\n<meta property=\"og:type\" content=\"article\" \/>\n<meta property=\"og:title\" content=\"H\u00e9rg\u00e9t - V\u00fdroba, distrib\u00facia a ve\u013ekoobchod Audio\/Video produktov a pr\u00edslu\u0161enstva | Veles-x\" \/>\n<meta property=\"og:description\" content=\"V\u00fdroba, distrib\u00facia a ve\u013ekoobchod Audio\/Video produktov a pr\u00edslu\u0161enstva\" \/>\n<meta property=\"og:url\" content=\"https:\/\/velesx.com\/en\/znacky\/herget-znacka\/\" \/>\n<meta property=\"og:site_name\" content=\"V\u00fdroba, distrib\u00facia a ve\u013ekoobchod Audio\/Video produktov a pr\u00edslu\u0161enstva | Veles-x\" \/>\n<meta property=\"article:modified_time\" content=\"2024-09-12T15:34:08+00:00\" \/>\n<meta name=\"twitter:card\" content=\"summary_large_image\" \/>\n<meta name=\"twitter:label1\" content=\"Est. reading time\" \/>\n\t<meta name=\"twitter:data1\" content=\"1 minute\" \/>\n<script type=\"application\/ld+json\" class=\"yoast-schema-graph\">{\"@context\":\"https:\/\/schema.org\",\"@graph\":[{\"@type\":\"WebPage\",\"@id\":\"https:\/\/velesx.com\/znacky\/herget-znacka\/\",\"url\":\"https:\/\/velesx.com\/znacky\/herget-znacka\/\",\"name\":\"H\u00e9rg\u00e9t - V\u00fdroba, distrib\u00facia a ve\u013ekoobchod Audio\/Video produktov a pr\u00edslu\u0161enstva | Veles-x\",\"isPartOf\":{\"@id\":\"https:\/\/velesx.com\/#website\"},\"datePublished\":\"2024-05-19T11:50:04+00:00\",\"dateModified\":\"2024-09-12T15:34:08+00:00\",\"description\":\"V\u00fdroba, distrib\u00facia a ve\u013ekoobchod Audio\/Video produktov a pr\u00edslu\u0161enstva\",\"breadcrumb\":{\"@id\":\"https:\/\/velesx.com\/znacky\/herget-znacka\/#breadcrumb\"},\"inLanguage\":\"en-US\",\"potentialAction\":[{\"@type\":\"ReadAction\",\"target\":[\"https:\/\/velesx.com\/znacky\/herget-znacka\/\"]}]},{\"@type\":\"BreadcrumbList\",\"@id\":\"https:\/\/velesx.com\/znacky\/herget-znacka\/#breadcrumb\",\"itemListElement\":[{\"@type\":\"ListItem\",\"position\":1,\"name\":\"Home\",\"item\":\"https:\/\/velesx.com\/\"},{\"@type\":\"ListItem\",\"position\":2,\"name\":\"Zna\u010dky\",\"item\":\"https:\/\/velesx.com\/znacky\/\"},{\"@type\":\"ListItem\",\"position\":3,\"name\":\"H\u00e9rg\u00e9t\"}]},{\"@type\":\"WebSite\",\"@id\":\"https:\/\/velesx.com\/#website\",\"url\":\"https:\/\/velesx.com\/\",\"name\":\"V\u00fdroba, distrib\u00facia a ve\u013ekoobchod Audio\/Video produktov a pr\u00edslu\u0161enstva | Veles-x\",\"description\":\"\",\"publisher\":{\"@id\":\"https:\/\/velesx.com\/#organization\"},\"potentialAction\":[{\"@type\":\"SearchAction\",\"target\":{\"@type\":\"EntryPoint\",\"urlTemplate\":\"https:\/\/velesx.com\/?s={search_term_string}\"},\"query-input\":{\"@type\":\"PropertyValueSpecification\",\"valueRequired\":true,\"valueName\":\"search_term_string\"}}],\"inLanguage\":\"en-US\"},{\"@type\":\"Organization\",\"@id\":\"https:\/\/velesx.com\/#organization\",\"name\":\"V\u00fdroba, distrib\u00facia a ve\u013ekoobchod Audio\/Video produktov a pr\u00edslu\u0161enstva | Veles-x\",\"url\":\"https:\/\/velesx.com\/\",\"logo\":{\"@type\":\"ImageObject\",\"inLanguage\":\"en-US\",\"@id\":\"https:\/\/velesx.com\/#\/schema\/logo\/image\/\",\"url\":\"https:\/\/velesx.com\/wp-content\/uploads\/2024\/05\/Logo_vertical_colour_vector.png\",\"contentUrl\":\"https:\/\/velesx.com\/wp-content\/uploads\/2024\/05\/Logo_vertical_colour_vector.png\",\"width\":439,\"height\":376,\"caption\":\"V\u00fdroba, distrib\u00facia a ve\u013ekoobchod Audio\/Video produktov a pr\u00edslu\u0161enstva | Veles-x\"},\"image\":{\"@id\":\"https:\/\/velesx.com\/#\/schema\/logo\/image\/\"}}]}<\/script>\n<!-- \/ Yoast SEO plugin. -->","yoast_head_json":{"title":"H\u00e9rg\u00e9t - V\u00fdroba, distrib\u00facia a ve\u013ekoobchod Audio\/Video produktov a pr\u00edslu\u0161enstva | Veles-x","description":"V\u00fdroba, distrib\u00facia a ve\u013ekoobchod Audio\/Video produktov a pr\u00edslu\u0161enstva","robots":{"index":"index","follow":"follow","max-snippet":"max-snippet:-1","max-image-preview":"max-image-preview:large","max-video-preview":"max-video-preview:-1"},"canonical":"https:\/\/velesx.com\/en\/znacky\/herget-znacka\/","og_locale":"en_US","og_type":"article","og_title":"H\u00e9rg\u00e9t - V\u00fdroba, distrib\u00facia a ve\u013ekoobchod Audio\/Video produktov a pr\u00edslu\u0161enstva | Veles-x","og_description":"V\u00fdroba, distrib\u00facia a ve\u013ekoobchod Audio\/Video produktov a pr\u00edslu\u0161enstva","og_url":"https:\/\/velesx.com\/en\/znacky\/herget-znacka\/","og_site_name":"V\u00fdroba, distrib\u00facia a ve\u013ekoobchod Audio\/Video produktov a pr\u00edslu\u0161enstva | Veles-x","article_modified_time":"2024-09-12T15:34:08+00:00","twitter_card":"summary_large_image","twitter_misc":{"Est. reading time":"1 minute"},"schema":{"@context":"https:\/\/schema.org","@graph":[{"@type":"WebPage","@id":"https:\/\/velesx.com\/znacky\/herget-znacka\/","url":"https:\/\/velesx.com\/znacky\/herget-znacka\/","name":"H\u00e9rg\u00e9t - V\u00fdroba, distrib\u00facia a ve\u013ekoobchod Audio\/Video produktov a pr\u00edslu\u0161enstva | Veles-x","isPartOf":{"@id":"https:\/\/velesx.com\/#website"},"datePublished":"2024-05-19T11:50:04+00:00","dateModified":"2024-09-12T15:34:08+00:00","description":"V\u00fdroba, distrib\u00facia a ve\u013ekoobchod Audio\/Video produktov a pr\u00edslu\u0161enstva","breadcrumb":{"@id":"https:\/\/velesx.com\/znacky\/herget-znacka\/#breadcrumb"},"inLanguage":"en-US","potentialAction":[{"@type":"ReadAction","target":["https:\/\/velesx.com\/znacky\/herget-znacka\/"]}]},{"@type":"BreadcrumbList","@id":"https:\/\/velesx.com\/znacky\/herget-znacka\/#breadcrumb","itemListElement":[{"@type":"ListItem","position":1,"name":"Home","item":"https:\/\/velesx.com\/"},{"@type":"ListItem","position":2,"name":"Zna\u010dky","item":"https:\/\/velesx.com\/znacky\/"},{"@type":"ListItem","position":3,"name":"H\u00e9rg\u00e9t"}]},{"@type":"WebSite","@id":"https:\/\/velesx.com\/#website","url":"https:\/\/velesx.com\/","name":"V\u00fdroba, distrib\u00facia a ve\u013ekoobchod Audio\/Video produktov a pr\u00edslu\u0161enstva | Veles-x","description":"","publisher":{"@id":"https:\/\/velesx.com\/#organization"},"potentialAction":[{"@type":"SearchAction","target":{"@type":"EntryPoint","urlTemplate":"https:\/\/velesx.com\/?s={search_term_string}"},"query-input":{"@type":"PropertyValueSpecification","valueRequired":true,"valueName":"search_term_string"}}],"inLanguage":"en-US"},{"@type":"Organization","@id":"https:\/\/velesx.com\/#organization","name":"V\u00fdroba, distrib\u00facia a ve\u013ekoobchod Audio\/Video produktov a pr\u00edslu\u0161enstva | Veles-x","url":"https:\/\/velesx.com\/","logo":{"@type":"ImageObject","inLanguage":"en-US","@id":"https:\/\/velesx.com\/#\/schema\/logo\/image\/","url":"https:\/\/velesx.com\/wp-content\/uploads\/2024\/05\/Logo_vertical_colour_vector.png","contentUrl":"https:\/\/velesx.com\/wp-content\/uploads\/2024\/05\/Logo_vertical_colour_vector.png","width":439,"height":376,"caption":"V\u00fdroba, distrib\u00facia a ve\u013ekoobchod Audio\/Video produktov a pr\u00edslu\u0161enstva | Veles-x"},"image":{"@id":"https:\/\/velesx.com\/#\/schema\/logo\/image\/"}}]}},"_links":{"self":[{"href":"https:\/\/velesx.com\/en\/wp-json\/wp\/v2\/pages\/251"}],"collection":[{"href":"https:\/\/velesx.com\/en\/wp-json\/wp\/v2\/pages"}],"about":[{"href":"https:\/\/velesx.com\/en\/wp-json\/wp\/v2\/types\/page"}],"author":[{"embeddable":true,"href":"https:\/\/velesx.com\/en\/wp-json\/wp\/v2\/users\/1"}],"replies":[{"embeddable":true,"href":"https:\/\/velesx.com\/en\/wp-json\/wp\/v2\/comments?post=251"}],"version-history":[{"count":6,"href":"https:\/\/velesx.com\/en\/wp-json\/wp\/v2\/pages\/251\/revisions"}],"predecessor-version":[{"id":423,"href":"https:\/\/velesx.com\/en\/wp-json\/wp\/v2\/pages\/251\/revisions\/423"}],"up":[{"embeddable":true,"href":"https:\/\/velesx.com\/en\/wp-json\/wp\/v2\/pages\/43"}],"wp:attachment":[{"href":"https:\/\/velesx.com\/en\/wp-json\/wp\/v2\/media?parent=251"}],"curies":[{"name":"wp","href":"https:\/\/api.w.org\/{rel}","templated":true}]}}