{"id":257,"date":"2024-05-19T13:53:58","date_gmt":"2024-05-19T11:53:58","guid":{"rendered":"https:\/\/velesx.com\/?page_id=257"},"modified":"2024-09-19T15:36:27","modified_gmt":"2024-09-19T13:36:27","slug":"jetslide-znacka","status":"publish","type":"page","link":"https:\/\/velesx.com\/en\/znacky\/jetslide-znacka\/","title":{"rendered":"Jetslide"},"content":{"rendered":"<div data-elementor-type=\"wp-page\" data-elementor-id=\"257\" class=\"elementor elementor-257\">\n\t\t\t\t<div class=\"elementor-element elementor-element-7c6acad9 e-con-full e-flex e-con e-parent\" data-id=\"7c6acad9\" data-element_type=\"container\" data-settings=\"{&quot;background_background&quot;:&quot;classic&quot;,&quot;shape_divider_top&quot;:&quot;triangle-asymmetrical&quot;,&quot;shape_divider_bottom&quot;:&quot;triangle-asymmetrical&quot;,&quot;shape_divider_bottom_negative&quot;:&quot;yes&quot;}\">\n\t\t\t\t<div class=\"elementor-shape elementor-shape-top\" data-negative=\"false\">\n\t\t\t<svg xmlns=\"http:\/\/www.w3.org\/2000\/svg\" viewbox=\"0 0 1000 100\" preserveaspectratio=\"none\">\n\t<path class=\"elementor-shape-fill\" d=\"M738,99l262-93V0H0v5.6L738,99z\"\/>\n<\/svg>\t\t<\/div>\n\t\t\t\t<div class=\"elementor-shape elementor-shape-bottom\" data-negative=\"true\">\n\t\t\t<svg xmlns=\"http:\/\/www.w3.org\/2000\/svg\" viewbox=\"0 0 1000 100\" preserveaspectratio=\"none\">\n\t<path class=\"elementor-shape-fill\" d=\"M737.9,94.7L0,0v100h1000V0L737.9,94.7z\"\/>\n<\/svg>\t\t<\/div>\n\t\t<div class=\"elementor-element elementor-element-4d489588 e-grid e-con-boxed e-con e-child\" data-id=\"4d489588\" data-element_type=\"container\">\n\t\t\t\t\t<div class=\"e-con-inner\">\n\t\t\t\t<div class=\"elementor-element elementor-element-545464f1 elementor-widget elementor-widget-heading\" data-id=\"545464f1\" data-element_type=\"widget\" data-widget_type=\"heading.default\">\n\t\t\t\t<div class=\"elementor-widget-container\">\n\t\t\t<h2 class=\"elementor-heading-title elementor-size-default\">Jetslide<\/h2>\t\t<\/div>\n\t\t\t\t<\/div>\n\t\t\t\t\t<\/div>\n\t\t\t\t<\/div>\n\t\t\t\t<\/div>\n\t\t<div class=\"elementor-element elementor-element-400a6f8 e-flex e-con-boxed e-con e-parent\" data-id=\"400a6f8\" data-element_type=\"container\">\n\t\t\t\t\t<div class=\"e-con-inner\">\n\t\t\t\t<div class=\"elementor-element elementor-element-28c8aa48 elementor-widget elementor-widget-text-editor\" data-id=\"28c8aa48\" data-element_type=\"widget\" data-widget_type=\"text-editor.default\">\n\t\t\t\t<div class=\"elementor-widget-container\">\n\t\t\t\t\t\t\t<p>Jetslide is an innovative tool for guitarists that allows them to quickly and easily switch between regular playing and slide techniques without having to change hand positions. This product increases flexibility and fluidity when playing the guitar.<\/p>\t\t\t\t\t\t<\/div>\n\t\t\t\t<\/div>\n\t\t\t\t<div class=\"elementor-element elementor-element-c2cf73e elementor-align-center elementor-widget elementor-widget-button\" data-id=\"c2cf73e\" data-element_type=\"widget\" data-widget_type=\"button.default\">\n\t\t\t\t<div class=\"elementor-widget-container\">\n\t\t\t\t\t<div class=\"elementor-button-wrapper\">\n\t\t\t<a class=\"elementor-button elementor-button-link elementor-size-sm\" href=\"https:\/\/velesx.sk\/sk\/brand\/4-jetslide\" target=\"_blank\">\n\t\t\t\t\t\t<span class=\"elementor-button-content-wrapper\">\n\t\t\t\t\t\t\t\t\t<span class=\"elementor-button-text\">Go to e-shop<\/span>\n\t\t\t\t\t<\/span>\n\t\t\t\t\t<\/a>\n\t\t<\/div>\n\t\t\t\t<\/div>\n\t\t\t\t<\/div>\n\t\t\t\t\t<\/div>\n\t\t\t\t<\/div>\n\t\t\t\t<\/div>","protected":false},"excerpt":{"rendered":"<p>Jetslide Jetslide je inovat\u00edvny n\u00e1stroj pre gitaristov, ktor\u00fd umo\u017e\u0148uje r\u00fdchle a jednoduch\u00e9 prech\u00e1dzanie medzi be\u017en\u00fdm hran\u00edm a slide technikou bez potreby meni\u0165 poz\u00edciu r\u00fak. Tento produkt zvy\u0161uje flexibilitu a plynulos\u0165 pri hran\u00ed na gitaru. Prejs\u0165 na e-shop<\/p>","protected":false},"author":1,"featured_media":0,"parent":43,"menu_order":0,"comment_status":"closed","ping_status":"closed","template":"","meta":{"_monsterinsights_skip_tracking":false,"_monsterinsights_sitenote_active":false,"_monsterinsights_sitenote_note":"","_monsterinsights_sitenote_category":0,"footnotes":""},"class_list":["post-257","page","type-page","status-publish","hentry","entry"],"yoast_head":"<!-- This site is optimized with the Yoast SEO plugin v23.4 - https:\/\/yoast.com\/wordpress\/plugins\/seo\/ -->\n<title>Jetslide - V\u00fdroba, distrib\u00facia a ve\u013ekoobchod Audio\/Video produktov a pr\u00edslu\u0161enstva | Veles-x<\/title>\n<meta name=\"description\" content=\"V\u00fdroba, distrib\u00facia a ve\u013ekoobchod Audio\/Video produktov a pr\u00edslu\u0161enstva\" \/>\n<meta name=\"robots\" content=\"index, follow, max-snippet:-1, max-image-preview:large, max-video-preview:-1\" \/>\n<link rel=\"canonical\" href=\"https:\/\/velesx.com\/en\/znacky\/jetslide-znacka\/\" \/>\n<meta property=\"og:locale\" content=\"en_US\" \/>\n<meta property=\"og:type\" content=\"article\" \/>\n<meta property=\"og:title\" content=\"Jetslide - V\u00fdroba, distrib\u00facia a ve\u013ekoobchod Audio\/Video produktov a pr\u00edslu\u0161enstva | Veles-x\" \/>\n<meta property=\"og:description\" content=\"V\u00fdroba, distrib\u00facia a ve\u013ekoobchod Audio\/Video produktov a pr\u00edslu\u0161enstva\" \/>\n<meta property=\"og:url\" content=\"https:\/\/velesx.com\/en\/znacky\/jetslide-znacka\/\" \/>\n<meta property=\"og:site_name\" content=\"V\u00fdroba, distrib\u00facia a ve\u013ekoobchod Audio\/Video produktov a pr\u00edslu\u0161enstva | Veles-x\" \/>\n<meta property=\"article:modified_time\" content=\"2024-09-19T13:36:27+00:00\" \/>\n<meta name=\"twitter:card\" content=\"summary_large_image\" \/>\n<meta name=\"twitter:label1\" content=\"Est. reading time\" \/>\n\t<meta name=\"twitter:data1\" content=\"1 minute\" \/>\n<script type=\"application\/ld+json\" class=\"yoast-schema-graph\">{\"@context\":\"https:\/\/schema.org\",\"@graph\":[{\"@type\":\"WebPage\",\"@id\":\"https:\/\/velesx.com\/znacky\/jetslide-znacka\/\",\"url\":\"https:\/\/velesx.com\/znacky\/jetslide-znacka\/\",\"name\":\"Jetslide - V\u00fdroba, distrib\u00facia a ve\u013ekoobchod Audio\/Video produktov a pr\u00edslu\u0161enstva | Veles-x\",\"isPartOf\":{\"@id\":\"https:\/\/velesx.com\/#website\"},\"datePublished\":\"2024-05-19T11:53:58+00:00\",\"dateModified\":\"2024-09-19T13:36:27+00:00\",\"description\":\"V\u00fdroba, distrib\u00facia a ve\u013ekoobchod Audio\/Video produktov a pr\u00edslu\u0161enstva\",\"breadcrumb\":{\"@id\":\"https:\/\/velesx.com\/znacky\/jetslide-znacka\/#breadcrumb\"},\"inLanguage\":\"en-US\",\"potentialAction\":[{\"@type\":\"ReadAction\",\"target\":[\"https:\/\/velesx.com\/znacky\/jetslide-znacka\/\"]}]},{\"@type\":\"BreadcrumbList\",\"@id\":\"https:\/\/velesx.com\/znacky\/jetslide-znacka\/#breadcrumb\",\"itemListElement\":[{\"@type\":\"ListItem\",\"position\":1,\"name\":\"Home\",\"item\":\"https:\/\/velesx.com\/\"},{\"@type\":\"ListItem\",\"position\":2,\"name\":\"Zna\u010dky\",\"item\":\"https:\/\/velesx.com\/znacky\/\"},{\"@type\":\"ListItem\",\"position\":3,\"name\":\"Jetslide\"}]},{\"@type\":\"WebSite\",\"@id\":\"https:\/\/velesx.com\/#website\",\"url\":\"https:\/\/velesx.com\/\",\"name\":\"V\u00fdroba, distrib\u00facia a ve\u013ekoobchod Audio\/Video produktov a pr\u00edslu\u0161enstva | Veles-x\",\"description\":\"\",\"publisher\":{\"@id\":\"https:\/\/velesx.com\/#organization\"},\"potentialAction\":[{\"@type\":\"SearchAction\",\"target\":{\"@type\":\"EntryPoint\",\"urlTemplate\":\"https:\/\/velesx.com\/?s={search_term_string}\"},\"query-input\":{\"@type\":\"PropertyValueSpecification\",\"valueRequired\":true,\"valueName\":\"search_term_string\"}}],\"inLanguage\":\"en-US\"},{\"@type\":\"Organization\",\"@id\":\"https:\/\/velesx.com\/#organization\",\"name\":\"V\u00fdroba, distrib\u00facia a ve\u013ekoobchod Audio\/Video produktov a pr\u00edslu\u0161enstva | Veles-x\",\"url\":\"https:\/\/velesx.com\/\",\"logo\":{\"@type\":\"ImageObject\",\"inLanguage\":\"en-US\",\"@id\":\"https:\/\/velesx.com\/#\/schema\/logo\/image\/\",\"url\":\"https:\/\/velesx.com\/wp-content\/uploads\/2024\/05\/Logo_vertical_colour_vector.png\",\"contentUrl\":\"https:\/\/velesx.com\/wp-content\/uploads\/2024\/05\/Logo_vertical_colour_vector.png\",\"width\":439,\"height\":376,\"caption\":\"V\u00fdroba, distrib\u00facia a ve\u013ekoobchod Audio\/Video produktov a pr\u00edslu\u0161enstva | Veles-x\"},\"image\":{\"@id\":\"https:\/\/velesx.com\/#\/schema\/logo\/image\/\"}}]}<\/script>\n<!-- \/ Yoast SEO plugin. -->","yoast_head_json":{"title":"Jetslide - V\u00fdroba, distrib\u00facia a ve\u013ekoobchod Audio\/Video produktov a pr\u00edslu\u0161enstva | Veles-x","description":"V\u00fdroba, distrib\u00facia a ve\u013ekoobchod Audio\/Video produktov a pr\u00edslu\u0161enstva","robots":{"index":"index","follow":"follow","max-snippet":"max-snippet:-1","max-image-preview":"max-image-preview:large","max-video-preview":"max-video-preview:-1"},"canonical":"https:\/\/velesx.com\/en\/znacky\/jetslide-znacka\/","og_locale":"en_US","og_type":"article","og_title":"Jetslide - V\u00fdroba, distrib\u00facia a ve\u013ekoobchod Audio\/Video produktov a pr\u00edslu\u0161enstva | Veles-x","og_description":"V\u00fdroba, distrib\u00facia a ve\u013ekoobchod Audio\/Video produktov a pr\u00edslu\u0161enstva","og_url":"https:\/\/velesx.com\/en\/znacky\/jetslide-znacka\/","og_site_name":"V\u00fdroba, distrib\u00facia a ve\u013ekoobchod Audio\/Video produktov a pr\u00edslu\u0161enstva | Veles-x","article_modified_time":"2024-09-19T13:36:27+00:00","twitter_card":"summary_large_image","twitter_misc":{"Est. reading time":"1 minute"},"schema":{"@context":"https:\/\/schema.org","@graph":[{"@type":"WebPage","@id":"https:\/\/velesx.com\/znacky\/jetslide-znacka\/","url":"https:\/\/velesx.com\/znacky\/jetslide-znacka\/","name":"Jetslide - V\u00fdroba, distrib\u00facia a ve\u013ekoobchod Audio\/Video produktov a pr\u00edslu\u0161enstva | Veles-x","isPartOf":{"@id":"https:\/\/velesx.com\/#website"},"datePublished":"2024-05-19T11:53:58+00:00","dateModified":"2024-09-19T13:36:27+00:00","description":"V\u00fdroba, distrib\u00facia a ve\u013ekoobchod Audio\/Video produktov a pr\u00edslu\u0161enstva","breadcrumb":{"@id":"https:\/\/velesx.com\/znacky\/jetslide-znacka\/#breadcrumb"},"inLanguage":"en-US","potentialAction":[{"@type":"ReadAction","target":["https:\/\/velesx.com\/znacky\/jetslide-znacka\/"]}]},{"@type":"BreadcrumbList","@id":"https:\/\/velesx.com\/znacky\/jetslide-znacka\/#breadcrumb","itemListElement":[{"@type":"ListItem","position":1,"name":"Home","item":"https:\/\/velesx.com\/"},{"@type":"ListItem","position":2,"name":"Zna\u010dky","item":"https:\/\/velesx.com\/znacky\/"},{"@type":"ListItem","position":3,"name":"Jetslide"}]},{"@type":"WebSite","@id":"https:\/\/velesx.com\/#website","url":"https:\/\/velesx.com\/","name":"V\u00fdroba, distrib\u00facia a ve\u013ekoobchod Audio\/Video produktov a pr\u00edslu\u0161enstva | Veles-x","description":"","publisher":{"@id":"https:\/\/velesx.com\/#organization"},"potentialAction":[{"@type":"SearchAction","target":{"@type":"EntryPoint","urlTemplate":"https:\/\/velesx.com\/?s={search_term_string}"},"query-input":{"@type":"PropertyValueSpecification","valueRequired":true,"valueName":"search_term_string"}}],"inLanguage":"en-US"},{"@type":"Organization","@id":"https:\/\/velesx.com\/#organization","name":"V\u00fdroba, distrib\u00facia a ve\u013ekoobchod Audio\/Video produktov a pr\u00edslu\u0161enstva | Veles-x","url":"https:\/\/velesx.com\/","logo":{"@type":"ImageObject","inLanguage":"en-US","@id":"https:\/\/velesx.com\/#\/schema\/logo\/image\/","url":"https:\/\/velesx.com\/wp-content\/uploads\/2024\/05\/Logo_vertical_colour_vector.png","contentUrl":"https:\/\/velesx.com\/wp-content\/uploads\/2024\/05\/Logo_vertical_colour_vector.png","width":439,"height":376,"caption":"V\u00fdroba, distrib\u00facia a ve\u013ekoobchod Audio\/Video produktov a pr\u00edslu\u0161enstva | Veles-x"},"image":{"@id":"https:\/\/velesx.com\/#\/schema\/logo\/image\/"}}]}},"_links":{"self":[{"href":"https:\/\/velesx.com\/en\/wp-json\/wp\/v2\/pages\/257"}],"collection":[{"href":"https:\/\/velesx.com\/en\/wp-json\/wp\/v2\/pages"}],"about":[{"href":"https:\/\/velesx.com\/en\/wp-json\/wp\/v2\/types\/page"}],"author":[{"embeddable":true,"href":"https:\/\/velesx.com\/en\/wp-json\/wp\/v2\/users\/1"}],"replies":[{"embeddable":true,"href":"https:\/\/velesx.com\/en\/wp-json\/wp\/v2\/comments?post=257"}],"version-history":[{"count":6,"href":"https:\/\/velesx.com\/en\/wp-json\/wp\/v2\/pages\/257\/revisions"}],"predecessor-version":[{"id":454,"href":"https:\/\/velesx.com\/en\/wp-json\/wp\/v2\/pages\/257\/revisions\/454"}],"up":[{"embeddable":true,"href":"https:\/\/velesx.com\/en\/wp-json\/wp\/v2\/pages\/43"}],"wp:attachment":[{"href":"https:\/\/velesx.com\/en\/wp-json\/wp\/v2\/media?parent=257"}],"curies":[{"name":"wp","href":"https:\/\/api.w.org\/{rel}","templated":true}]}}