{"id":41,"date":"2024-05-08T10:23:34","date_gmt":"2024-05-08T08:23:34","guid":{"rendered":"https:\/\/velesx.com\/?page_id=41"},"modified":"2024-09-12T17:16:09","modified_gmt":"2024-09-12T15:16:09","slug":"novinky","status":"publish","type":"page","link":"https:\/\/velesx.com\/en\/novinky\/","title":{"rendered":"News"},"content":{"rendered":"<div data-elementor-type=\"wp-page\" data-elementor-id=\"41\" class=\"elementor elementor-41\">\n\t\t\t\t<div class=\"elementor-element elementor-element-5f6822af e-con-full e-flex e-con e-parent\" data-id=\"5f6822af\" data-element_type=\"container\" data-settings=\"{&quot;background_background&quot;:&quot;classic&quot;,&quot;shape_divider_top&quot;:&quot;triangle-asymmetrical&quot;,&quot;shape_divider_bottom&quot;:&quot;triangle-asymmetrical&quot;,&quot;shape_divider_bottom_negative&quot;:&quot;yes&quot;}\">\n\t\t\t\t<div class=\"elementor-shape elementor-shape-top\" data-negative=\"false\">\n\t\t\t<svg xmlns=\"http:\/\/www.w3.org\/2000\/svg\" viewbox=\"0 0 1000 100\" preserveaspectratio=\"none\">\n\t<path class=\"elementor-shape-fill\" d=\"M738,99l262-93V0H0v5.6L738,99z\"\/>\n<\/svg>\t\t<\/div>\n\t\t\t\t<div class=\"elementor-shape elementor-shape-bottom\" data-negative=\"true\">\n\t\t\t<svg xmlns=\"http:\/\/www.w3.org\/2000\/svg\" viewbox=\"0 0 1000 100\" preserveaspectratio=\"none\">\n\t<path class=\"elementor-shape-fill\" d=\"M737.9,94.7L0,0v100h1000V0L737.9,94.7z\"\/>\n<\/svg>\t\t<\/div>\n\t\t<div class=\"elementor-element elementor-element-72e807d3 e-grid e-con-boxed e-con e-child\" data-id=\"72e807d3\" data-element_type=\"container\">\n\t\t\t\t\t<div class=\"e-con-inner\">\n\t\t\t\t<div class=\"elementor-element elementor-element-485bf560 elementor-widget elementor-widget-heading\" data-id=\"485bf560\" data-element_type=\"widget\" data-widget_type=\"heading.default\">\n\t\t\t\t<div class=\"elementor-widget-container\">\n\t\t\t<h2 class=\"elementor-heading-title elementor-size-default\">News<\/h2>\t\t<\/div>\n\t\t\t\t<\/div>\n\t\t\t\t\t<\/div>\n\t\t\t\t<\/div>\n\t\t\t\t<\/div>\n\t\t<div class=\"elementor-element elementor-element-56f84aed e-flex e-con-boxed e-con e-parent\" data-id=\"56f84aed\" data-element_type=\"container\">\n\t\t\t\t\t<div class=\"e-con-inner\">\n\t\t\t\t<div class=\"elementor-element elementor-element-35a8bcfb elementor-widget elementor-widget-text-editor\" data-id=\"35a8bcfb\" data-element_type=\"widget\" data-widget_type=\"text-editor.default\">\n\t\t\t\t<div class=\"elementor-widget-container\">\n\t\t\t\t\t\t\t<p>.<\/p>\t\t\t\t\t\t<\/div>\n\t\t\t\t<\/div>\n\t\t\t\t<div class=\"elementor-element elementor-element-85c1c6d elementor-widget elementor-widget-shortcode\" data-id=\"85c1c6d\" data-element_type=\"widget\" data-widget_type=\"shortcode.default\">\n\t\t\t\t<div class=\"elementor-widget-container\">\n\t\t\t\t\t<div class=\"elementor-shortcode\"><div id=\"wpsr-ig-feed-314\" class=\"wpsr-ig-feed-wrapper wpsr-feed-wrap wpsr_content wpsr-ig-feed-template1 wpsr-ig-feed-template-314\"   data-column=\"4\"><div class=\"wpsr-container wpsr-insta-feed-314\">\n    <div class=\"wpsr-ig-header wpsr-gap-default\">\n        <div class=\"wpsr-ig-header-inner\">\n            \n            <div class=\"wpsr-ig-header-info\">\n                                                                                    <div class=\"wpsr-ig-header-description\">\n                                                                    <\/div>\n                            <\/div>\n                    <\/div>\n    <\/div>\n<div class=\"wpsr-ig-feed-wrapper-inner\"><div class=\"wpsr-row wpsr-ig-all-feed wpsr_feeds wpsr-column-gap-default\"><\/div><div class=\"wpsr-ig-footer wpsr-row\"><\/div><\/div><\/div><\/div><\/div>\n\t\t\t\t<\/div>\n\t\t\t\t<\/div>\n\t\t\t\t\t<\/div>\n\t\t\t\t<\/div>\n\t\t\t\t<\/div>","protected":false},"excerpt":{"rendered":"<p>Novinky .<\/p>","protected":false},"author":1,"featured_media":0,"parent":0,"menu_order":0,"comment_status":"closed","ping_status":"closed","template":"","meta":{"_monsterinsights_skip_tracking":false,"_monsterinsights_sitenote_active":false,"_monsterinsights_sitenote_note":"","_monsterinsights_sitenote_category":0,"footnotes":""},"class_list":["post-41","page","type-page","status-publish","hentry","entry"],"yoast_head":"<!-- This site is optimized with the Yoast SEO plugin v23.4 - https:\/\/yoast.com\/wordpress\/plugins\/seo\/ -->\n<title>Novinky - V\u00fdroba, distrib\u00facia a ve\u013ekoobchod Audio\/Video produktov a pr\u00edslu\u0161enstva | Veles-x<\/title>\n<meta name=\"description\" content=\"V\u00fdroba, distrib\u00facia a ve\u013ekoobchod Audio\/Video produktov a pr\u00edslu\u0161enstva\" \/>\n<meta name=\"robots\" content=\"index, follow, max-snippet:-1, max-image-preview:large, max-video-preview:-1\" \/>\n<link rel=\"canonical\" href=\"https:\/\/velesx.com\/en\/novinky\/\" \/>\n<meta property=\"og:locale\" content=\"en_US\" \/>\n<meta property=\"og:type\" content=\"article\" \/>\n<meta property=\"og:title\" content=\"Novinky - V\u00fdroba, distrib\u00facia a ve\u013ekoobchod Audio\/Video produktov a pr\u00edslu\u0161enstva | Veles-x\" \/>\n<meta property=\"og:description\" content=\"V\u00fdroba, distrib\u00facia a ve\u013ekoobchod Audio\/Video produktov a pr\u00edslu\u0161enstva\" \/>\n<meta property=\"og:url\" content=\"https:\/\/velesx.com\/en\/novinky\/\" \/>\n<meta property=\"og:site_name\" content=\"V\u00fdroba, distrib\u00facia a ve\u013ekoobchod Audio\/Video produktov a pr\u00edslu\u0161enstva | Veles-x\" \/>\n<meta property=\"article:modified_time\" content=\"2024-09-12T15:16:09+00:00\" \/>\n<meta name=\"twitter:card\" content=\"summary_large_image\" \/>\n<meta name=\"twitter:label1\" content=\"Est. reading time\" \/>\n\t<meta name=\"twitter:data1\" content=\"1 minute\" \/>\n<script type=\"application\/ld+json\" class=\"yoast-schema-graph\">{\"@context\":\"https:\/\/schema.org\",\"@graph\":[{\"@type\":\"WebPage\",\"@id\":\"https:\/\/velesx.com\/novinky\/\",\"url\":\"https:\/\/velesx.com\/novinky\/\",\"name\":\"Novinky - V\u00fdroba, distrib\u00facia a ve\u013ekoobchod Audio\/Video produktov a pr\u00edslu\u0161enstva | Veles-x\",\"isPartOf\":{\"@id\":\"https:\/\/velesx.com\/#website\"},\"datePublished\":\"2024-05-08T08:23:34+00:00\",\"dateModified\":\"2024-09-12T15:16:09+00:00\",\"description\":\"V\u00fdroba, distrib\u00facia a ve\u013ekoobchod Audio\/Video produktov a pr\u00edslu\u0161enstva\",\"breadcrumb\":{\"@id\":\"https:\/\/velesx.com\/novinky\/#breadcrumb\"},\"inLanguage\":\"en-US\",\"potentialAction\":[{\"@type\":\"ReadAction\",\"target\":[\"https:\/\/velesx.com\/novinky\/\"]}]},{\"@type\":\"BreadcrumbList\",\"@id\":\"https:\/\/velesx.com\/novinky\/#breadcrumb\",\"itemListElement\":[{\"@type\":\"ListItem\",\"position\":1,\"name\":\"Home\",\"item\":\"https:\/\/velesx.com\/\"},{\"@type\":\"ListItem\",\"position\":2,\"name\":\"Novinky\"}]},{\"@type\":\"WebSite\",\"@id\":\"https:\/\/velesx.com\/#website\",\"url\":\"https:\/\/velesx.com\/\",\"name\":\"V\u00fdroba, distrib\u00facia a ve\u013ekoobchod Audio\/Video produktov a pr\u00edslu\u0161enstva | Veles-x\",\"description\":\"\",\"publisher\":{\"@id\":\"https:\/\/velesx.com\/#organization\"},\"potentialAction\":[{\"@type\":\"SearchAction\",\"target\":{\"@type\":\"EntryPoint\",\"urlTemplate\":\"https:\/\/velesx.com\/?s={search_term_string}\"},\"query-input\":{\"@type\":\"PropertyValueSpecification\",\"valueRequired\":true,\"valueName\":\"search_term_string\"}}],\"inLanguage\":\"en-US\"},{\"@type\":\"Organization\",\"@id\":\"https:\/\/velesx.com\/#organization\",\"name\":\"V\u00fdroba, distrib\u00facia a ve\u013ekoobchod Audio\/Video produktov a pr\u00edslu\u0161enstva | Veles-x\",\"url\":\"https:\/\/velesx.com\/\",\"logo\":{\"@type\":\"ImageObject\",\"inLanguage\":\"en-US\",\"@id\":\"https:\/\/velesx.com\/#\/schema\/logo\/image\/\",\"url\":\"https:\/\/velesx.com\/wp-content\/uploads\/2024\/05\/Logo_vertical_colour_vector.png\",\"contentUrl\":\"https:\/\/velesx.com\/wp-content\/uploads\/2024\/05\/Logo_vertical_colour_vector.png\",\"width\":439,\"height\":376,\"caption\":\"V\u00fdroba, distrib\u00facia a ve\u013ekoobchod Audio\/Video produktov a pr\u00edslu\u0161enstva | Veles-x\"},\"image\":{\"@id\":\"https:\/\/velesx.com\/#\/schema\/logo\/image\/\"}}]}<\/script>\n<!-- \/ Yoast SEO plugin. -->","yoast_head_json":{"title":"Novinky - V\u00fdroba, distrib\u00facia a ve\u013ekoobchod Audio\/Video produktov a pr\u00edslu\u0161enstva | Veles-x","description":"V\u00fdroba, distrib\u00facia a ve\u013ekoobchod Audio\/Video produktov a pr\u00edslu\u0161enstva","robots":{"index":"index","follow":"follow","max-snippet":"max-snippet:-1","max-image-preview":"max-image-preview:large","max-video-preview":"max-video-preview:-1"},"canonical":"https:\/\/velesx.com\/en\/novinky\/","og_locale":"en_US","og_type":"article","og_title":"Novinky - V\u00fdroba, distrib\u00facia a ve\u013ekoobchod Audio\/Video produktov a pr\u00edslu\u0161enstva | Veles-x","og_description":"V\u00fdroba, distrib\u00facia a ve\u013ekoobchod Audio\/Video produktov a pr\u00edslu\u0161enstva","og_url":"https:\/\/velesx.com\/en\/novinky\/","og_site_name":"V\u00fdroba, distrib\u00facia a ve\u013ekoobchod Audio\/Video produktov a pr\u00edslu\u0161enstva | Veles-x","article_modified_time":"2024-09-12T15:16:09+00:00","twitter_card":"summary_large_image","twitter_misc":{"Est. reading time":"1 minute"},"schema":{"@context":"https:\/\/schema.org","@graph":[{"@type":"WebPage","@id":"https:\/\/velesx.com\/novinky\/","url":"https:\/\/velesx.com\/novinky\/","name":"Novinky - V\u00fdroba, distrib\u00facia a ve\u013ekoobchod Audio\/Video produktov a pr\u00edslu\u0161enstva | Veles-x","isPartOf":{"@id":"https:\/\/velesx.com\/#website"},"datePublished":"2024-05-08T08:23:34+00:00","dateModified":"2024-09-12T15:16:09+00:00","description":"V\u00fdroba, distrib\u00facia a ve\u013ekoobchod Audio\/Video produktov a pr\u00edslu\u0161enstva","breadcrumb":{"@id":"https:\/\/velesx.com\/novinky\/#breadcrumb"},"inLanguage":"en-US","potentialAction":[{"@type":"ReadAction","target":["https:\/\/velesx.com\/novinky\/"]}]},{"@type":"BreadcrumbList","@id":"https:\/\/velesx.com\/novinky\/#breadcrumb","itemListElement":[{"@type":"ListItem","position":1,"name":"Home","item":"https:\/\/velesx.com\/"},{"@type":"ListItem","position":2,"name":"Novinky"}]},{"@type":"WebSite","@id":"https:\/\/velesx.com\/#website","url":"https:\/\/velesx.com\/","name":"V\u00fdroba, distrib\u00facia a ve\u013ekoobchod Audio\/Video produktov a pr\u00edslu\u0161enstva | Veles-x","description":"","publisher":{"@id":"https:\/\/velesx.com\/#organization"},"potentialAction":[{"@type":"SearchAction","target":{"@type":"EntryPoint","urlTemplate":"https:\/\/velesx.com\/?s={search_term_string}"},"query-input":{"@type":"PropertyValueSpecification","valueRequired":true,"valueName":"search_term_string"}}],"inLanguage":"en-US"},{"@type":"Organization","@id":"https:\/\/velesx.com\/#organization","name":"V\u00fdroba, distrib\u00facia a ve\u013ekoobchod Audio\/Video produktov a pr\u00edslu\u0161enstva | Veles-x","url":"https:\/\/velesx.com\/","logo":{"@type":"ImageObject","inLanguage":"en-US","@id":"https:\/\/velesx.com\/#\/schema\/logo\/image\/","url":"https:\/\/velesx.com\/wp-content\/uploads\/2024\/05\/Logo_vertical_colour_vector.png","contentUrl":"https:\/\/velesx.com\/wp-content\/uploads\/2024\/05\/Logo_vertical_colour_vector.png","width":439,"height":376,"caption":"V\u00fdroba, distrib\u00facia a ve\u013ekoobchod Audio\/Video produktov a pr\u00edslu\u0161enstva | Veles-x"},"image":{"@id":"https:\/\/velesx.com\/#\/schema\/logo\/image\/"}}]}},"_links":{"self":[{"href":"https:\/\/velesx.com\/en\/wp-json\/wp\/v2\/pages\/41"}],"collection":[{"href":"https:\/\/velesx.com\/en\/wp-json\/wp\/v2\/pages"}],"about":[{"href":"https:\/\/velesx.com\/en\/wp-json\/wp\/v2\/types\/page"}],"author":[{"embeddable":true,"href":"https:\/\/velesx.com\/en\/wp-json\/wp\/v2\/users\/1"}],"replies":[{"embeddable":true,"href":"https:\/\/velesx.com\/en\/wp-json\/wp\/v2\/comments?post=41"}],"version-history":[{"count":6,"href":"https:\/\/velesx.com\/en\/wp-json\/wp\/v2\/pages\/41\/revisions"}],"predecessor-version":[{"id":409,"href":"https:\/\/velesx.com\/en\/wp-json\/wp\/v2\/pages\/41\/revisions\/409"}],"wp:attachment":[{"href":"https:\/\/velesx.com\/en\/wp-json\/wp\/v2\/media?parent=41"}],"curies":[{"name":"wp","href":"https:\/\/api.w.org\/{rel}","templated":true}]}}