{"id":47,"date":"2024-05-08T10:27:27","date_gmt":"2024-05-08T08:27:27","guid":{"rendered":"https:\/\/velesx.com\/?page_id=47"},"modified":"2024-08-25T21:30:44","modified_gmt":"2024-08-25T19:30:44","slug":"kontakt","status":"publish","type":"page","link":"https:\/\/velesx.com\/en\/kontakt\/","title":{"rendered":"Contact"},"content":{"rendered":"<div data-elementor-type=\"wp-page\" data-elementor-id=\"47\" class=\"elementor elementor-47\">\n\t\t\t\t<div class=\"elementor-element elementor-element-569f0064 e-con-full e-flex e-con e-parent\" data-id=\"569f0064\" data-element_type=\"container\" data-settings=\"{&quot;background_background&quot;:&quot;classic&quot;,&quot;shape_divider_top&quot;:&quot;triangle-asymmetrical&quot;,&quot;shape_divider_bottom&quot;:&quot;triangle-asymmetrical&quot;,&quot;shape_divider_bottom_negative&quot;:&quot;yes&quot;}\">\n\t\t\t\t<div class=\"elementor-shape elementor-shape-top\" data-negative=\"false\">\n\t\t\t<svg xmlns=\"http:\/\/www.w3.org\/2000\/svg\" viewbox=\"0 0 1000 100\" preserveaspectratio=\"none\">\n\t<path class=\"elementor-shape-fill\" d=\"M738,99l262-93V0H0v5.6L738,99z\"\/>\n<\/svg>\t\t<\/div>\n\t\t\t\t<div class=\"elementor-shape elementor-shape-bottom\" data-negative=\"true\">\n\t\t\t<svg xmlns=\"http:\/\/www.w3.org\/2000\/svg\" viewbox=\"0 0 1000 100\" preserveaspectratio=\"none\">\n\t<path class=\"elementor-shape-fill\" d=\"M737.9,94.7L0,0v100h1000V0L737.9,94.7z\"\/>\n<\/svg>\t\t<\/div>\n\t\t<div class=\"elementor-element elementor-element-11e3caaf e-grid e-con-boxed e-con e-child\" data-id=\"11e3caaf\" data-element_type=\"container\">\n\t\t\t\t\t<div class=\"e-con-inner\">\n\t\t\t\t<div class=\"elementor-element elementor-element-4b966349 elementor-widget elementor-widget-heading\" data-id=\"4b966349\" data-element_type=\"widget\" data-widget_type=\"heading.default\">\n\t\t\t\t<div class=\"elementor-widget-container\">\n\t\t\t<h2 class=\"elementor-heading-title elementor-size-default\">Contact<\/h2>\t\t<\/div>\n\t\t\t\t<\/div>\n\t\t\t\t\t<\/div>\n\t\t\t\t<\/div>\n\t\t\t\t<\/div>\n\t\t<div class=\"elementor-element elementor-element-78ff5448 e-flex e-con-boxed e-con e-parent\" data-id=\"78ff5448\" data-element_type=\"container\">\n\t\t\t\t\t<div class=\"e-con-inner\">\n\t\t\t\t<div class=\"elementor-element elementor-element-18129fc2 elementor-widget elementor-widget-text-editor\" data-id=\"18129fc2\" data-element_type=\"widget\" data-widget_type=\"text-editor.default\">\n\t\t\t\t<div class=\"elementor-widget-container\">\n\t\t\t\t\t\t\t<p>Contact us for reliable and fast delivery of goods directly to your store. Our company offers a wide range of products at competitive prices with an individual approach to each customer. We are here to help you develop your business!<\/p>\t\t\t\t\t\t<\/div>\n\t\t\t\t<\/div>\n\t\t\t\t\t<\/div>\n\t\t\t\t<\/div>\n\t\t<div class=\"elementor-element elementor-element-5452792 e-flex e-con-boxed e-con e-parent\" data-id=\"5452792\" data-element_type=\"container\" data-settings=\"{&quot;background_background&quot;:&quot;classic&quot;}\">\n\t\t\t\t\t<div class=\"e-con-inner\">\n\t\t<div class=\"elementor-element elementor-element-6fecdb76 e-con-full e-flex e-con e-child\" data-id=\"6fecdb76\" data-element_type=\"container\">\n\t\t\t\t<div class=\"elementor-element elementor-element-1f26eae6 elementor-view-default elementor-widget elementor-widget-icon\" data-id=\"1f26eae6\" data-element_type=\"widget\" data-widget_type=\"icon.default\">\n\t\t\t\t<div class=\"elementor-widget-container\">\n\t\t\t\t\t<div class=\"elementor-icon-wrapper\">\n\t\t\t<div class=\"elementor-icon\">\n\t\t\t<svg aria-hidden=\"true\" class=\"e-font-icon-svg e-fas-phone-alt\" viewbox=\"0 0 512 512\" xmlns=\"http:\/\/www.w3.org\/2000\/svg\"><path d=\"M497.39 361.8l-112-48a24 24 0 0 0-28 6.9l-49.6 60.6A370.66 370.66 0 0 1 130.6 204.11l60.6-49.6a23.94 23.94 0 0 0 6.9-28l-48-112A24.16 24.16 0 0 0 122.6.61l-104 24A24 24 0 0 0 0 48c0 256.5 207.9 464 464 464a24 24 0 0 0 23.4-18.6l24-104a24.29 24.29 0 0 0-14.01-27.6z\"><\/path><\/svg>\t\t\t<\/div>\n\t\t<\/div>\n\t\t\t\t<\/div>\n\t\t\t\t<\/div>\n\t\t\t\t<div class=\"elementor-element elementor-element-1ff94b60 elementor-widget elementor-widget-heading\" data-id=\"1ff94b60\" data-element_type=\"widget\" data-widget_type=\"heading.default\">\n\t\t\t\t<div class=\"elementor-widget-container\">\n\t\t\t<h2 class=\"elementor-heading-title elementor-size-default\">+421 947 948 946<\/h2>\t\t<\/div>\n\t\t\t\t<\/div>\n\t\t\t\t<\/div>\n\t\t<div class=\"elementor-element elementor-element-6bc8700a e-con-full e-flex e-con e-child\" data-id=\"6bc8700a\" data-element_type=\"container\">\n\t\t\t\t<div class=\"elementor-element elementor-element-75787ee8 elementor-view-default elementor-widget elementor-widget-icon\" data-id=\"75787ee8\" data-element_type=\"widget\" data-widget_type=\"icon.default\">\n\t\t\t\t<div class=\"elementor-widget-container\">\n\t\t\t\t\t<div class=\"elementor-icon-wrapper\">\n\t\t\t<div class=\"elementor-icon\">\n\t\t\t<svg aria-hidden=\"true\" class=\"e-font-icon-svg e-fas-envelope\" viewbox=\"0 0 512 512\" xmlns=\"http:\/\/www.w3.org\/2000\/svg\"><path d=\"M502.3 190.8c3.9-3.1 9.7-.2 9.7 4.7V400c0 26.5-21.5 48-48 48H48c-26.5 0-48-21.5-48-48V195.6c0-5 5.7-7.8 9.7-4.7 22.4 17.4 52.1 39.5 154.1 113.6 21.1 15.4 56.7 47.8 92.2 47.6 35.7.3 72-32.8 92.3-47.6 102-74.1 131.6-96.3 154-113.7zM256 320c23.2.4 56.6-29.2 73.4-41.4 132.7-96.3 142.8-104.7 173.4-128.7 5.8-4.5 9.2-11.5 9.2-18.9v-19c0-26.5-21.5-48-48-48H48C21.5 64 0 85.5 0 112v19c0 7.4 3.4 14.3 9.2 18.9 30.6 23.9 40.7 32.4 173.4 128.7 16.8 12.2 50.2 41.8 73.4 41.4z\"><\/path><\/svg>\t\t\t<\/div>\n\t\t<\/div>\n\t\t\t\t<\/div>\n\t\t\t\t<\/div>\n\t\t\t\t<div class=\"elementor-element elementor-element-772e57 elementor-widget elementor-widget-heading\" data-id=\"772e57\" data-element_type=\"widget\" data-widget_type=\"heading.default\">\n\t\t\t\t<div class=\"elementor-widget-container\">\n\t\t\t<h2 class=\"elementor-heading-title elementor-size-default\"><a href=\"mailto:info@velesx.com\">info@velesx.com<\/a><\/h2>\t\t<\/div>\n\t\t\t\t<\/div>\n\t\t\t\t<\/div>\n\t\t<div class=\"elementor-element elementor-element-2f0b73a7 e-con-full e-flex e-con e-child\" data-id=\"2f0b73a7\" data-element_type=\"container\">\n\t\t\t\t<div class=\"elementor-element elementor-element-4b141665 elementor-view-default elementor-widget elementor-widget-icon\" data-id=\"4b141665\" data-element_type=\"widget\" data-widget_type=\"icon.default\">\n\t\t\t\t<div class=\"elementor-widget-container\">\n\t\t\t\t\t<div class=\"elementor-icon-wrapper\">\n\t\t\t<div class=\"elementor-icon\">\n\t\t\t<svg aria-hidden=\"true\" class=\"e-font-icon-svg e-fas-building\" viewbox=\"0 0 448 512\" xmlns=\"http:\/\/www.w3.org\/2000\/svg\"><path d=\"M436 480h-20V24c0-13.255-10.745-24-24-24H56C42.745 0 32 10.745 32 24v456H12c-6.627 0-12 5.373-12 12v20h448v-20c0-6.627-5.373-12-12-12zM128 76c0-6.627 5.373-12 12-12h40c6.627 0 12 5.373 12 12v40c0 6.627-5.373 12-12 12h-40c-6.627 0-12-5.373-12-12V76zm0 96c0-6.627 5.373-12 12-12h40c6.627 0 12 5.373 12 12v40c0 6.627-5.373 12-12 12h-40c-6.627 0-12-5.373-12-12v-40zm52 148h-40c-6.627 0-12-5.373-12-12v-40c0-6.627 5.373-12 12-12h40c6.627 0 12 5.373 12 12v40c0 6.627-5.373 12-12 12zm76 160h-64v-84c0-6.627 5.373-12 12-12h40c6.627 0 12 5.373 12 12v84zm64-172c0 6.627-5.373 12-12 12h-40c-6.627 0-12-5.373-12-12v-40c0-6.627 5.373-12 12-12h40c6.627 0 12 5.373 12 12v40zm0-96c0 6.627-5.373 12-12 12h-40c-6.627 0-12-5.373-12-12v-40c0-6.627 5.373-12 12-12h40c6.627 0 12 5.373 12 12v40zm0-96c0 6.627-5.373 12-12 12h-40c-6.627 0-12-5.373-12-12V76c0-6.627 5.373-12 12-12h40c6.627 0 12 5.373 12 12v40z\"><\/path><\/svg>\t\t\t<\/div>\n\t\t<\/div>\n\t\t\t\t<\/div>\n\t\t\t\t<\/div>\n\t\t\t\t<div class=\"elementor-element elementor-element-7d5cf455 elementor-widget elementor-widget-text-editor\" data-id=\"7d5cf455\" data-element_type=\"widget\" data-widget_type=\"text-editor.default\">\n\t\t\t\t<div class=\"elementor-widget-container\">\n\t\t\t\t\t\t\t<p><strong>Veles-X s.r.o.<\/strong><br \/>A.Stodolu 5264\/31<br \/>03601 Martin<br \/><br \/><strong>I\u010cO:<\/strong> 51 001 268<br \/><strong>I\u010c DPH:<\/strong> SK 2120 549 321<\/p>\t\t\t\t\t\t<\/div>\n\t\t\t\t<\/div>\n\t\t\t\t<\/div>\n\t\t<div class=\"elementor-element elementor-element-7e535c7e e-con-full e-flex e-con e-child\" data-id=\"7e535c7e\" data-element_type=\"container\">\n\t\t\t\t<div class=\"elementor-element elementor-element-75737255 elementor-view-default elementor-widget elementor-widget-icon\" data-id=\"75737255\" data-element_type=\"widget\" data-widget_type=\"icon.default\">\n\t\t\t\t<div class=\"elementor-widget-container\">\n\t\t\t\t\t<div class=\"elementor-icon-wrapper\">\n\t\t\t<div class=\"elementor-icon\">\n\t\t\t<svg aria-hidden=\"true\" class=\"e-font-icon-svg e-fas-mouse-pointer\" viewbox=\"0 0 320 512\" xmlns=\"http:\/\/www.w3.org\/2000\/svg\"><path d=\"M302.189 329.126H196.105l55.831 135.993c3.889 9.428-.555 19.999-9.444 23.999l-49.165 21.427c-9.165 4-19.443-.571-23.332-9.714l-53.053-129.136-86.664 89.138C18.729 472.71 0 463.554 0 447.977V18.299C0 1.899 19.921-6.096 30.277 5.443l284.412 292.542c11.472 11.179 3.007 31.141-12.5 31.141z\"><\/path><\/svg>\t\t\t<\/div>\n\t\t<\/div>\n\t\t\t\t<\/div>\n\t\t\t\t<\/div>\n\t\t\t\t<div class=\"elementor-element elementor-element-4f6f7930 elementor-widget elementor-widget-heading\" data-id=\"4f6f7930\" data-element_type=\"widget\" data-widget_type=\"heading.default\">\n\t\t\t\t<div class=\"elementor-widget-container\">\n\t\t\t<h2 class=\"elementor-heading-title elementor-size-default\"><a href=\"http:\/\/www.velesx.sk\">www.velesx.sk<\/a><\/h2>\t\t<\/div>\n\t\t\t\t<\/div>\n\t\t\t\t<\/div>\n\t\t\t\t\t<\/div>\n\t\t\t\t<\/div>\n\t\t\t\t<\/div>","protected":false},"excerpt":{"rendered":"<p>Kontakt Kontaktujte n\u00e1s pre spo\u013eahliv\u00e9 a r\u00fdchle dod\u00e1vky tovaru priamo do v\u00e1\u0161ho obchodu. Na\u0161a spolo\u010dnos\u0165 pon\u00faka \u0161irok\u00fa \u0161k\u00e1lu produktov za konkuren\u010dn\u00e9 ceny s individu\u00e1lnym pr\u00edstupom ku ka\u017ed\u00e9mu z\u00e1kazn\u00edkovi. Sme tu, aby sme v\u00e1m pomohli rozv\u00edja\u0165 v\u00e1\u0161 biznis!. +421 947 948 946 info@velesx.com Veles-X s.r.o.A.Stodolu 5264\/3103601 Martin I\u010cO: 51 001 268I\u010c DPH: SK 2120 549 321 [&hellip;]<\/p>","protected":false},"author":1,"featured_media":0,"parent":0,"menu_order":0,"comment_status":"closed","ping_status":"closed","template":"","meta":{"_monsterinsights_skip_tracking":false,"_monsterinsights_sitenote_active":false,"_monsterinsights_sitenote_note":"","_monsterinsights_sitenote_category":0,"footnotes":""},"class_list":["post-47","page","type-page","status-publish","hentry","entry"],"yoast_head":"<!-- This site is optimized with the Yoast SEO plugin v23.4 - https:\/\/yoast.com\/wordpress\/plugins\/seo\/ -->\n<title>Kontakt - V\u00fdroba, distrib\u00facia a ve\u013ekoobchod Audio\/Video produktov a pr\u00edslu\u0161enstva | Veles-x<\/title>\n<meta name=\"description\" content=\"V\u00fdroba, distrib\u00facia a ve\u013ekoobchod Audio\/Video produktov a pr\u00edslu\u0161enstva\" \/>\n<meta name=\"robots\" content=\"index, follow, max-snippet:-1, max-image-preview:large, max-video-preview:-1\" \/>\n<link rel=\"canonical\" href=\"https:\/\/velesx.com\/en\/kontakt\/\" \/>\n<meta property=\"og:locale\" content=\"en_US\" \/>\n<meta property=\"og:type\" content=\"article\" \/>\n<meta property=\"og:title\" content=\"Kontakt - V\u00fdroba, distrib\u00facia a ve\u013ekoobchod Audio\/Video produktov a pr\u00edslu\u0161enstva | Veles-x\" \/>\n<meta property=\"og:description\" content=\"V\u00fdroba, distrib\u00facia a ve\u013ekoobchod Audio\/Video produktov a pr\u00edslu\u0161enstva\" \/>\n<meta property=\"og:url\" content=\"https:\/\/velesx.com\/en\/kontakt\/\" \/>\n<meta property=\"og:site_name\" content=\"V\u00fdroba, distrib\u00facia a ve\u013ekoobchod Audio\/Video produktov a pr\u00edslu\u0161enstva | Veles-x\" \/>\n<meta property=\"article:modified_time\" content=\"2024-08-25T19:30:44+00:00\" \/>\n<meta name=\"twitter:card\" content=\"summary_large_image\" \/>\n<meta name=\"twitter:label1\" content=\"Est. reading time\" \/>\n\t<meta name=\"twitter:data1\" content=\"1 minute\" \/>\n<script type=\"application\/ld+json\" class=\"yoast-schema-graph\">{\"@context\":\"https:\/\/schema.org\",\"@graph\":[{\"@type\":\"WebPage\",\"@id\":\"https:\/\/velesx.com\/kontakt\/\",\"url\":\"https:\/\/velesx.com\/kontakt\/\",\"name\":\"Kontakt - V\u00fdroba, distrib\u00facia a ve\u013ekoobchod Audio\/Video produktov a pr\u00edslu\u0161enstva | Veles-x\",\"isPartOf\":{\"@id\":\"https:\/\/velesx.com\/#website\"},\"datePublished\":\"2024-05-08T08:27:27+00:00\",\"dateModified\":\"2024-08-25T19:30:44+00:00\",\"description\":\"V\u00fdroba, distrib\u00facia a ve\u013ekoobchod Audio\/Video produktov a pr\u00edslu\u0161enstva\",\"breadcrumb\":{\"@id\":\"https:\/\/velesx.com\/kontakt\/#breadcrumb\"},\"inLanguage\":\"en-US\",\"potentialAction\":[{\"@type\":\"ReadAction\",\"target\":[\"https:\/\/velesx.com\/kontakt\/\"]}]},{\"@type\":\"BreadcrumbList\",\"@id\":\"https:\/\/velesx.com\/kontakt\/#breadcrumb\",\"itemListElement\":[{\"@type\":\"ListItem\",\"position\":1,\"name\":\"Home\",\"item\":\"https:\/\/velesx.com\/\"},{\"@type\":\"ListItem\",\"position\":2,\"name\":\"Kontakt\"}]},{\"@type\":\"WebSite\",\"@id\":\"https:\/\/velesx.com\/#website\",\"url\":\"https:\/\/velesx.com\/\",\"name\":\"V\u00fdroba, distrib\u00facia a ve\u013ekoobchod Audio\/Video produktov a pr\u00edslu\u0161enstva | Veles-x\",\"description\":\"\",\"publisher\":{\"@id\":\"https:\/\/velesx.com\/#organization\"},\"potentialAction\":[{\"@type\":\"SearchAction\",\"target\":{\"@type\":\"EntryPoint\",\"urlTemplate\":\"https:\/\/velesx.com\/?s={search_term_string}\"},\"query-input\":{\"@type\":\"PropertyValueSpecification\",\"valueRequired\":true,\"valueName\":\"search_term_string\"}}],\"inLanguage\":\"en-US\"},{\"@type\":\"Organization\",\"@id\":\"https:\/\/velesx.com\/#organization\",\"name\":\"V\u00fdroba, distrib\u00facia a ve\u013ekoobchod Audio\/Video produktov a pr\u00edslu\u0161enstva | Veles-x\",\"url\":\"https:\/\/velesx.com\/\",\"logo\":{\"@type\":\"ImageObject\",\"inLanguage\":\"en-US\",\"@id\":\"https:\/\/velesx.com\/#\/schema\/logo\/image\/\",\"url\":\"https:\/\/velesx.com\/wp-content\/uploads\/2024\/05\/Logo_vertical_colour_vector.png\",\"contentUrl\":\"https:\/\/velesx.com\/wp-content\/uploads\/2024\/05\/Logo_vertical_colour_vector.png\",\"width\":439,\"height\":376,\"caption\":\"V\u00fdroba, distrib\u00facia a ve\u013ekoobchod Audio\/Video produktov a pr\u00edslu\u0161enstva | Veles-x\"},\"image\":{\"@id\":\"https:\/\/velesx.com\/#\/schema\/logo\/image\/\"}}]}<\/script>\n<!-- \/ Yoast SEO plugin. -->","yoast_head_json":{"title":"Kontakt - V\u00fdroba, distrib\u00facia a ve\u013ekoobchod Audio\/Video produktov a pr\u00edslu\u0161enstva | Veles-x","description":"V\u00fdroba, distrib\u00facia a ve\u013ekoobchod Audio\/Video produktov a pr\u00edslu\u0161enstva","robots":{"index":"index","follow":"follow","max-snippet":"max-snippet:-1","max-image-preview":"max-image-preview:large","max-video-preview":"max-video-preview:-1"},"canonical":"https:\/\/velesx.com\/en\/kontakt\/","og_locale":"en_US","og_type":"article","og_title":"Kontakt - V\u00fdroba, distrib\u00facia a ve\u013ekoobchod Audio\/Video produktov a pr\u00edslu\u0161enstva | Veles-x","og_description":"V\u00fdroba, distrib\u00facia a ve\u013ekoobchod Audio\/Video produktov a pr\u00edslu\u0161enstva","og_url":"https:\/\/velesx.com\/en\/kontakt\/","og_site_name":"V\u00fdroba, distrib\u00facia a ve\u013ekoobchod Audio\/Video produktov a pr\u00edslu\u0161enstva | Veles-x","article_modified_time":"2024-08-25T19:30:44+00:00","twitter_card":"summary_large_image","twitter_misc":{"Est. reading time":"1 minute"},"schema":{"@context":"https:\/\/schema.org","@graph":[{"@type":"WebPage","@id":"https:\/\/velesx.com\/kontakt\/","url":"https:\/\/velesx.com\/kontakt\/","name":"Kontakt - V\u00fdroba, distrib\u00facia a ve\u013ekoobchod Audio\/Video produktov a pr\u00edslu\u0161enstva | Veles-x","isPartOf":{"@id":"https:\/\/velesx.com\/#website"},"datePublished":"2024-05-08T08:27:27+00:00","dateModified":"2024-08-25T19:30:44+00:00","description":"V\u00fdroba, distrib\u00facia a ve\u013ekoobchod Audio\/Video produktov a pr\u00edslu\u0161enstva","breadcrumb":{"@id":"https:\/\/velesx.com\/kontakt\/#breadcrumb"},"inLanguage":"en-US","potentialAction":[{"@type":"ReadAction","target":["https:\/\/velesx.com\/kontakt\/"]}]},{"@type":"BreadcrumbList","@id":"https:\/\/velesx.com\/kontakt\/#breadcrumb","itemListElement":[{"@type":"ListItem","position":1,"name":"Home","item":"https:\/\/velesx.com\/"},{"@type":"ListItem","position":2,"name":"Kontakt"}]},{"@type":"WebSite","@id":"https:\/\/velesx.com\/#website","url":"https:\/\/velesx.com\/","name":"V\u00fdroba, distrib\u00facia a ve\u013ekoobchod Audio\/Video produktov a pr\u00edslu\u0161enstva | Veles-x","description":"","publisher":{"@id":"https:\/\/velesx.com\/#organization"},"potentialAction":[{"@type":"SearchAction","target":{"@type":"EntryPoint","urlTemplate":"https:\/\/velesx.com\/?s={search_term_string}"},"query-input":{"@type":"PropertyValueSpecification","valueRequired":true,"valueName":"search_term_string"}}],"inLanguage":"en-US"},{"@type":"Organization","@id":"https:\/\/velesx.com\/#organization","name":"V\u00fdroba, distrib\u00facia a ve\u013ekoobchod Audio\/Video produktov a pr\u00edslu\u0161enstva | Veles-x","url":"https:\/\/velesx.com\/","logo":{"@type":"ImageObject","inLanguage":"en-US","@id":"https:\/\/velesx.com\/#\/schema\/logo\/image\/","url":"https:\/\/velesx.com\/wp-content\/uploads\/2024\/05\/Logo_vertical_colour_vector.png","contentUrl":"https:\/\/velesx.com\/wp-content\/uploads\/2024\/05\/Logo_vertical_colour_vector.png","width":439,"height":376,"caption":"V\u00fdroba, distrib\u00facia a ve\u013ekoobchod Audio\/Video produktov a pr\u00edslu\u0161enstva | Veles-x"},"image":{"@id":"https:\/\/velesx.com\/#\/schema\/logo\/image\/"}}]}},"_links":{"self":[{"href":"https:\/\/velesx.com\/en\/wp-json\/wp\/v2\/pages\/47"}],"collection":[{"href":"https:\/\/velesx.com\/en\/wp-json\/wp\/v2\/pages"}],"about":[{"href":"https:\/\/velesx.com\/en\/wp-json\/wp\/v2\/types\/page"}],"author":[{"embeddable":true,"href":"https:\/\/velesx.com\/en\/wp-json\/wp\/v2\/users\/1"}],"replies":[{"embeddable":true,"href":"https:\/\/velesx.com\/en\/wp-json\/wp\/v2\/comments?post=47"}],"version-history":[{"count":6,"href":"https:\/\/velesx.com\/en\/wp-json\/wp\/v2\/pages\/47\/revisions"}],"predecessor-version":[{"id":357,"href":"https:\/\/velesx.com\/en\/wp-json\/wp\/v2\/pages\/47\/revisions\/357"}],"wp:attachment":[{"href":"https:\/\/velesx.com\/en\/wp-json\/wp\/v2\/media?parent=47"}],"curies":[{"name":"wp","href":"https:\/\/api.w.org\/{rel}","templated":true}]}}